{"id":721,"date":"2019-07-22T10:22:08","date_gmt":"2019-07-22T10:22:08","guid":{"rendered":"http:\/\/dossoverdepavia.it\/?page_id=721"},"modified":"2020-05-29T19:41:42","modified_gmt":"2020-05-29T19:41:42","slug":"centro-per-lo-studio-e-la-terapia-dei-disturbi-del-comportamento-alimentare","status":"publish","type":"page","link":"https:\/\/dossoverdepavia.it\/?page_id=721","title":{"rendered":"Centro per lo studio e la terapia dei disturbi del comportamento alimentare"},"content":{"rendered":"<div><span class=\"uk-text-success\">Attivit\u00e0 Specialistiche<\/span><\/div>\n<h1>Centro per lo studio e la terapia dei disturbi del comportamento alimentare<span class=\"uk-text-success\">.<\/span><br \/>\n<\/h1>\n<div>Nato nel 1993 come Centro per lo Studio e la Cura dell\u2019 Anoressia e la Bulimia (che opera all\u2019interno dell\u2019Istituto di psicoterapia dell\u2019et\u00e0 evolutiva Dosso Verde di Pavia) prende in carico pazienti che si collocano in un\u2019area di passaggio tra infanzia ed et\u00e0 adulta, tra somatico e psichico, tra individuale e sociale, in cui il disturbo ha radici nelle prime fasi dello sviluppo e\/o nella qualit\u00e0-modalit\u00e0 delle interazioni familiari precoci e attuali. \u00c8 preferibile quindi parlare di Disturbo del Comportamento Alimentare in quanto il disturbo dell\u2019alimentazione si \u00e8 affermato come sintomo trasversale in diverse tipologie di disagio e\/o di organizzazione di personalit\u00e0 piuttosto che come sindrome a s\u00e9 stante.<\/div>\n<p><!-- {\"type\":\"layout\",\"children\":[{\"name\":\"VCard\",\"type\":\"section\",\"props\":{\"style\":\"default\",\"width\":\"default\",\"vertical_align\":\"middle\",\"title_position\":\"top-left\",\"title_rotation\":\"left\",\"title_breakpoint\":\"xl\",\"image_position\":\"center-center\",\"height\":\"full\",\"padding\":\"\",\"css\":\"\",\"image\":\"wp-content\\\/uploads\\\/logo-mosaico@075x.png\",\"image_effect\":\"parallax\",\"image_parallax_bgx_start\":\"-180\",\"image_parallax_bgy_start\":\"10\",\"image_parallax_bgy_end\":\"-200\",\"image_parallax_bgx_end\":\"20\",\"media_overlay\":\"rgba(255, 255, 255, 0.75)\",\"image_width\":\"\",\"image_height\":\"\",\"image_size\":\"contain\",\"padding_remove_bottom\":false,\"image_parallax_breakpoint\":\"m\",\"image_visibility\":\"m\",\"animation\":\"slide-left-medium\",\"animation_delay\":true,\"text_color\":\"\",\"width_expand\":\"\",\"header_transparent\":\"\",\"video_width\":\"\",\"video_height\":\"\",\"media_blend_mode\":\"\"},\"children\":[{\"name\":\"\",\"type\":\"row\",\"props\":{\"fixed_width\":\"large\",\"breakpoint\":\"m\",\"layout\":\",\",\"width\":\"\",\"margin_remove_top\":false,\"margin_remove_bottom\":false,\"margin\":\"\",\"gutter\":\"large\",\"vertical_align\":true,\"divider\":false,\"height\":\"\",\"width_expand\":\"\"},\"children\":[{\"name\":\"\",\"type\":\"column\",\"props\":{\"widths\":[\"\"],\"image_position\":\"top-left\",\"style\":\"\",\"text_color\":\"\",\"css\":\"\",\"image\":\"\",\"image_effect\":\"parallax\",\"image_parallax_bgy_start\":\"\",\"image_parallax_bgx_start\":\"\",\"vertical_align\":\"middle\",\"padding\":\"\",\"media_overlay_gradient\":\"\"},\"children\":[{\"name\":\"\",\"type\":\"headline\",\"props\":{\"title_element\":\"div\",\"content\":\"<span class=\\\"uk-text-success\\\">Attivit\\u00e0 Specialistiche<\\\/span>\",\"title_style\":\"h3\",\"title_color\":\"primary\",\"margin_remove_top\":false,\"margin_remove_bottom\":false,\"margin\":\"small\",\"title_decoration\":\"\",\"text_align\":\"\",\"text_align_breakpoint\":\"\",\"text_align_fallback\":\"\",\"maxwidth\":\"\",\"maxwidth_align\":\"\",\"maxwidth_breakpoint\":\"\",\"animation\":\"\",\"visibility\":\"\"}},{\"name\":\"\",\"type\":\"headline\",\"props\":{\"title_element\":\"h1\",\"content\":\"Centro per lo studio e la terapia dei disturbi del comportamento alimentare<span class=\\\"uk-text-success\\\">.<\\\/span>\\n\",\"margin_remove_top\":true,\"margin\":\"\",\"text_align\":\"left\",\"margin_remove_bottom\":false,\"title_style\":\"heading-hero\",\"title_decoration\":\"\",\"title_color\":\"\",\"text_align_breakpoint\":\"\",\"text_align_fallback\":\"\",\"maxwidth\":\"\",\"maxwidth_align\":\"\",\"maxwidth_breakpoint\":\"\",\"animation\":\"\",\"visibility\":\"\"}}]},{\"name\":\"\",\"type\":\"column\",\"props\":{\"widths\":[\"\"],\"image_position\":\"top-left\",\"css\":\"\",\"image\":\"\",\"image_width\":\"300\",\"media_overlay\":\"rgba(255, 255, 255, 0.54)\",\"vertical_align\":\"middle\",\"style\":\"\",\"text_color\":\"\",\"padding\":\"\",\"media_overlay_gradient\":\"\"},\"children\":[{\"name\":\"\",\"type\":\"text\",\"props\":{\"margin\":\"large\",\"column_breakpoint\":\"m\",\"maxwidth\":\"xxlarge\",\"content\":\"Nato nel 1993 come Centro per lo Studio e la Cura dell\\u2019 Anoressia e la Bulimia (che opera all\\u2019interno dell\\u2019Istituto di psicoterapia dell\\u2019et\\u00e0 evolutiva Dosso Verde di Pavia) prende in carico pazienti che si collocano in un\\u2019area di passaggio tra infanzia ed et\\u00e0 adulta, tra somatico e psichico, tra individuale e sociale, in cui il disturbo ha radici nelle prime fasi dello sviluppo e\\\/o nella qualit\\u00e0-modalit\\u00e0 delle interazioni familiari precoci e attuali. \\u00c8 preferibile quindi parlare di Disturbo del Comportamento Alimentare in quanto il disturbo dell\\u2019alimentazione si \\u00e8 affermato come sintomo trasversale in diverse tipologie di disagio e\\\/o di organizzazione di personalit\\u00e0 piuttosto che come sindrome a s\\u00e9 stante.\",\"text_size\":\"large\",\"text_color\":\"\",\"text_style\":\"lead\",\"column\":\"\",\"text_align\":\"\",\"text_align_breakpoint\":\"\",\"text_align_fallback\":\"\",\"maxwidth_align\":\"\",\"maxwidth_breakpoint\":\"\",\"animation\":\"\",\"visibility\":\"\"}}]}]}]}],\"version\":\"1.19.0\",\"props\":[]} --><\/p>\n","protected":false},"excerpt":{"rendered":"<p>Attivit\u00e0 Specialistiche Centro per lo studio e la terapia dei disturbi del comportamento alimentare. Nato nel 1993 come Centro per lo Studio e la Cura dell\u2019 Anoressia e la Bulimia (che opera all\u2019interno dell\u2019Istituto di psicoterapia dell\u2019et\u00e0 evolutiva Dosso Verde di Pavia) prende in carico pazienti che si collocano in un\u2019area di passaggio tra infanzia [&hellip;]<\/p>\n","protected":false},"author":2,"featured_media":0,"parent":0,"menu_order":0,"comment_status":"closed","ping_status":"closed","template":"","meta":{"spay_email":""},"jetpack-related-posts":[{"id":711,"url":"https:\/\/dossoverdepavia.it\/?page_id=711","url_meta":{"origin":721,"position":0},"title":"Servizio Ambulatoriale \u2013 linea SSR e in Solvenza","date":"Luglio 22, 2019","format":false,"excerpt":"Servizio Ambulatoriale. Linea SSR e in Solvenza L\u2019unit\u00e0 operativa Ambulatoriale, per soggetti fino a 18 anni, si occupa della terapia\/riabilitazione di minori affetti da: Disturbi del neurosviluppo, disturbi dello spettro autistico, disabilit\u00e0 intellettiva, disturbi da deficit dell\u2019attenzione e iperattivit\u00e0 (ADHD), disturbi del movimento, disturbi del linguaggio e della comunicazione, disturbi\u2026","rel":"","context":"Articolo simile","img":{"alt_text":"","src":"","width":0,"height":0},"classes":[]},{"id":707,"url":"https:\/\/dossoverdepavia.it\/?page_id=707","url_meta":{"origin":721,"position":1},"title":"Day Hospital Specialistico","date":"Luglio 22, 2019","format":false,"excerpt":"Servizi Servizio di Riabilitazione in Day Hospital Specialistico. L\u2019Unit\u00e0 Operativa \u00e8 predisposta per pazienti di et\u00e0 compresa tra i 6 e i 15 anni e si dedica alla riabilitazione di minori affetti da disturbi del neurosviluppo, in particolare Disturbi dello Spettro Autistico, Disabilit\u00e0 Intellettiva e Disturbi Comportamentali ed Emozionali. La\u2026","rel":"","context":"Articolo simile","img":{"alt_text":"","src":"","width":0,"height":0},"classes":[]},{"id":709,"url":"https:\/\/dossoverdepavia.it\/?page_id=709","url_meta":{"origin":721,"position":2},"title":"Servizio Diurno Continuo","date":"Luglio 22, 2019","format":false,"excerpt":"Servizi Servizio di Riabilitazione in Diurno Continuo. L\u2019Unit\u00e0 Operativa \u00e8 predisposta per pazienti di et\u00e0 compresa tra i 6 e i 15 anni e si dedica alla riabilitazione di minori affetti da disturbi del neurosviluppo, in particolare Disturbi dello Spettro Autistico, Disabilit\u00e0 Intellettiva e Disturbi Comportamentali ed Emozionali. La capacit\u00e0\u2026","rel":"","context":"Articolo simile","img":{"alt_text":"","src":"","width":0,"height":0},"classes":[]},{"id":571,"url":"https:\/\/dossoverdepavia.it\/?page_id=571","url_meta":{"origin":721,"position":3},"title":"La struttura","date":"Luglio 22, 2019","format":false,"excerpt":"La struttura. Il Dosso Verde di Pavia opera sul territorio dal 1962. La nuova Struttura, inaugurata nel 2011, adiacente alla villa storica ove \u00e8 sorta e si \u00e8 sviluppata l\u2019attivit\u00e0 terapeutica-riabilitativa, si trova all\u2019interno di un parco, nella zona Vallone-Crosione, in via Fasolo 1. Il centro della citt\u00e0 \u00e8 raggiungibile\u2026","rel":"","context":"Articolo simile","img":{"alt_text":"","src":"","width":0,"height":0},"classes":[]},{"id":705,"url":"https:\/\/dossoverdepavia.it\/?page_id=705","url_meta":{"origin":721,"position":4},"title":"Servizio residenziale terapeutico-riabilitativo a media intensit\u00e0 per minori","date":"Luglio 22, 2019","format":false,"excerpt":"Servizi Servizio Residenziale Terapeutico \u2013 Riabilitativo a Media Intensit\u00e0 per Minori, cosiddetto SMIM o SRM. La Deliberazione n X\/7768 della Regione Lombardia datata 17\/01\/2018 ha istituito la nuova unit\u00e0 di offerta \u201cServizio Residenziale Terapeutico-Riabilitativo a Media Intensit\u00e0 per Minori\u201d riclassificando la preesistente struttura residenziale di riabilitazione per l\u2019et\u00e0 evolutiva (ex\u2026","rel":"","context":"Articolo simile","img":{"alt_text":"","src":"","width":0,"height":0},"classes":[]},{"id":1150,"url":"https:\/\/dossoverdepavia.it\/?page_id=1150","url_meta":{"origin":721,"position":5},"title":"Chi siamo","date":"Aprile 28, 2020","format":false,"excerpt":"Chi siamo Istituto Dosso Verde: Centro di Riabilitazione Neuropsichiatrica e di Psicoterapia dell\u2019Et\u00e0 Evolutiva. L\u2019Istituto Dosso Verde, sorto nel 1962, \u00e8 dedicato in forma residenziale, diurna ed ambulatoriale alla cura di minori con disturbi del neurosviluppo, in particolare disturbi dello spettro autistico e disabilit\u00e0 intellettiva, da disturbi della sfera emozionale\u2026","rel":"","context":"Articolo simile","img":{"alt_text":"","src":"","width":0,"height":0},"classes":[]}],"jetpack_sharing_enabled":false,"_links":{"self":[{"href":"https:\/\/dossoverdepavia.it\/index.php?rest_route=\/wp\/v2\/pages\/721"}],"collection":[{"href":"https:\/\/dossoverdepavia.it\/index.php?rest_route=\/wp\/v2\/pages"}],"about":[{"href":"https:\/\/dossoverdepavia.it\/index.php?rest_route=\/wp\/v2\/types\/page"}],"author":[{"embeddable":true,"href":"https:\/\/dossoverdepavia.it\/index.php?rest_route=\/wp\/v2\/users\/2"}],"replies":[{"embeddable":true,"href":"https:\/\/dossoverdepavia.it\/index.php?rest_route=%2Fwp%2Fv2%2Fcomments&post=721"}],"version-history":[{"count":16,"href":"https:\/\/dossoverdepavia.it\/index.php?rest_route=\/wp\/v2\/pages\/721\/revisions"}],"predecessor-version":[{"id":2460,"href":"https:\/\/dossoverdepavia.it\/index.php?rest_route=\/wp\/v2\/pages\/721\/revisions\/2460"}],"wp:attachment":[{"href":"https:\/\/dossoverdepavia.it\/index.php?rest_route=%2Fwp%2Fv2%2Fmedia&parent=721"}],"curies":[{"name":"wp","href":"https:\/\/api.w.org\/{rel}","templated":true}]}}